{"id":3,"date":"2022-08-09T09:37:42","date_gmt":"2022-08-09T09:37:42","guid":{"rendered":"https:\/\/www.comunidadalcampo.es\/stikeez\/?page_id=3"},"modified":"2022-08-29T17:01:01","modified_gmt":"2022-08-29T17:01:01","slug":"privacy-policy","status":"publish","type":"page","link":"https:\/\/www.comunidadalcampo.es\/stikeez\/privacy-policy\/","title":{"rendered":"Aviso Legal"},"content":{"rendered":"<h2>Identidad del titular de las aplicaciones.<\/h2>\n<p>En cumplimiento de la obligaci\u00f3n de informaci\u00f3n general contenida en el art\u00edculo 10 de la Ley 34\/2002, de 11 de julio, de servicios de la sociedad de la informaci\u00f3n y de comercio electr\u00f3nico, se informa que los Datos identificativos del responsable titular de la P\u00e1gina <u>\u00a0<\/u><a href=\"https:\/\/www.comunidadalcampo.es\/stikeez\/\">https:\/\/www.comunidadalcampo.es\/stikeez\/<\/a> (en lo sucesivo la Web\u201d) a trav\u00e9s de la cual se facilitan datos e informaci\u00f3n relativos a la compa\u00f1\u00eda y en concreto a la campa\u00f1a denominada \u201cStikeez\u201d (visualizaci\u00f3n de revista online, juegos personalizados con Stikeezs, encuestas, etc. (En adelante \u201cel contenido\u201d o la \u201cinformaci\u00f3n de la web\u201d) es el siguiente:<\/p>\n<p>ALCAMPO, S.A.<br \/>\nCalle de Santiago de Compostela Sur s\/n.<br \/>\nEdificio Oficinas La Vaguada<br \/>\n28029 Madrid.<br \/>\nN.I.F. A-28581882<br \/>\nInscrita en el Registro Mercantil de Madrid, Tomo 3.988, Folio 106, Hoja n\u00famero M-66724<\/p>\n<p>&nbsp;<\/p>\n<p>En lo sucesivo denominada\u00a0\u00bb ALCAMPO\u00bb.<\/p>\n<h2>Notificaci\u00f3n de retirada o bloqueo de contenidos<\/h2>\n<p>La Web mencionada en el apartado anterior proporciona a sus Usuarios contenidos de acceso p\u00fablico, como por ejemplo informaci\u00f3n relativa a la campa\u00f1a denominada \u201cStikeez\u201d (visualizaci\u00f3n de revista online, juegos con Stikeezs \u2013puzzle, ajedrez, etc.).<\/p>\n<p>En caso de que cualquier Usuario o tercero afectado considere que existen hechos o circunstancias que revelen el car\u00e1cter il\u00edcito de cualquiera de los referidos contenidos o actividades, deber\u00e1 enviar una comunicaci\u00f3n a ALCAMPO, S.A., calle Santiago de Compostela sur, s\/n, 28029, Madrid-Espa\u00f1a, exponiendo los hechos objeto de denuncia y aportando la documentaci\u00f3n que lo justifique.<\/p>\n<p>No se admitir\u00e1n comunicaciones an\u00f3nimas como notificaci\u00f3n suficiente para poner en conocimiento de ALCAMPO la ilicitud de contenidos o actividades.<\/p>\n<h2>Condiciones generales de navegaci\u00f3n<\/h2>\n<h3>1.- <em>Objeto e informaci\u00f3n general.<\/em><\/h3>\n<p>1.1. El acceso al portal web\u00a0<a href=\"https:\/\/www.comunidadalcampo.es\/stikeez\/\">https:\/\/www.comunidadalcampo.es\/stikeez\/<\/a>, supone que el interesado se compromete a leer y aceptar\u00a0 las condiciones, t\u00e9rminos, comunicaciones, advertencias, avisos legales y dem\u00e1s informaci\u00f3n contenida en las presentes Condiciones Generales (en adelante CG), en las distintas p\u00e1ginas y tutoriales dispuestas a tales efectos.<\/p>\n<p>1.2.- El acceso y uso de la Web tiene car\u00e1cter gratuito y su visualizaci\u00f3n o navegaci\u00f3n atribuyen al interesado la condici\u00f3n de \u201cUsuario\u201d. El acceso y visualizaci\u00f3n de la Web no requieren previa suscripci\u00f3n o registro alguno, suponiendo el acceso por parte del Usuario la conformidad de forma expresa, plena y sin reserva, con la totalidad de su contenido.<\/p>\n<p>1.3.-\u00a0Si el Usuario no estuviera de acuerdo con el contenido de las presentes CG no deber\u00e1 usar la Web, debiendo abandonar la p\u00e1gina.<\/p>\n<p>1.4.- El Usuario declara disponer de la capacidad jur\u00eddica suficiente para vincularse por las presentes CG. Igualmente, acepta de forma expresa y sin excepciones que el acceso y la utilizaci\u00f3n de la Web, de sus servicios y de los contenidos tienen lugar bajo su \u00fanica y exclusiva responsabilidad, no pudiendo garantizar ALCAMPO\u00a0 que en el acceso directo a otros sitios Web a trav\u00e9s de enlaces (links) pueda visualizar informaci\u00f3n que pudiera herir su sensibilidad o le provoque da\u00f1os.<\/p>\n<p>1.5.- Las conexiones con otros sitios Web que pudieran existir as\u00ed como el uso que el Usuario pueda hacer de las mismas est\u00e1 sujeto a las presentes CG, as\u00ed como a los eventuales condicionados espec\u00edficos que los citados sitios Web requieran. Cualquier utilizaci\u00f3n distinta a la autorizada est\u00e1 expresamente prohibida.<\/p>\n<p>1.6.- ALCAMPO podr\u00e1 modificar la web de modo unilateral y en cualquier momento que estime oportuno, actualizando su configuraci\u00f3n, los t\u00e9rminos y condiciones de los servicios y del contenido, eliminarlos, limitarlos o suspenderlos de manera temporal o definitiva, as\u00ed como impedir el acceso a los mismos procurando informar al Usuario de dicho cambio, siempre y cuando las circunstancias as\u00ed se lo permitan, a trav\u00e9s de su publicaci\u00f3n en el sitio Web, motivo por el cual se recomienda a los Usuarios que consulten en cada acceso a la Web las CG, Avisos Legales y Condiciones particulares enunciadas en las distintas p\u00e1ginas o lugares que componen el sitio Web.<\/p>\n<h3>2.- <em>Caracter\u00edsticas de la Web.<\/em><\/h3>\n<p>La Web tiene un dise\u00f1o responsivo que permite al usuario acceder a la misma desde diferentes dispositivos electr\u00f3nicos (tabletas, m\u00f3viles, ordenadores\u2026) adaptando la imagen y resoluci\u00f3n de la p\u00e1gina Web a cada dispositivo.<\/p>\n<h3>3.- <em>Derechos y prestaciones del prestador de los servicios.\u00a0<\/em><\/h3>\n<p>3.1.- Como proveedor del servicio, ALCAMPO se encuentra obligada a garantizar eficazmente el secreto de las comunicaciones que pudieran existir con el Usuario, as\u00ed como a responder a las reclamaciones que eventualmente pudieran plantearse.<\/p>\n<p>3.2.- En caso de efectuar operaciones de mantenimiento, reparaci\u00f3n, actualizaci\u00f3n o mejora de los servicios, ALCAMPO tiene el derecho a suspender temporalmente y sin necesidad de preaviso la accesibilidad a la Web, sin perjuicio de lo cual procurar\u00e1 ponerlo en conocimiento de los Usuarios, siempre que las circunstancias as\u00ed se lo permitan.<\/p>\n<p>3.3.- El uso que los Usuarios puedan realizar de los datos y\/o informaci\u00f3n suministrada a los mismos a trav\u00e9s de la Web se realizar\u00e1 por cuenta y riesgo del Usuario.<\/p>\n<p>ALCAMPO no garantiza, directa o indirectamente, la informaci\u00f3n ofrecida, salvo aquellas garant\u00edas que en virtud de las leyes aplicables deban ser otorgadas o que queden expl\u00edcitamente descritas en un acuerdo entre la sociedad que corresponda y el Usuario.<\/p>\n<p>ALCAMPO no garantiza el contenido suministrado, en su caso, por terceras personas, ni garantiza la veracidad, fiabilidad, precisi\u00f3n, oportunidad o conveniencia de la informaci\u00f3n suministrada para el destino que los Usuarios o cualquier otra persona hagan de la misma.<\/p>\n<p>3.4.- ALCAMPO podr\u00e1 modificar el contenido proporcionado en su Web de modo unilateral y en cualquier momento que estime oportuno, actualizando su configuraci\u00f3n, los t\u00e9rminos, condiciones, eliminarlo, limitarlo o suspenderlo de manera temporal o definitiva, as\u00ed como impedir el acceso a los mismos procurando informar al Usuario de dicho cambio, siempre y cuando las circunstancias as\u00ed se lo permitan, a trav\u00e9s de su publicaci\u00f3n en la Web, motivo por el cual se recomienda a los Usuarios que consulten en cada acceso a la Web las CG, Avisos Legales y Condiciones Particulares enunciadas en las distintas p\u00e1ginas que componen la Web.<\/p>\n<p>&nbsp;<\/p>\n<h3>4.- <em>Derechos y obligaciones del Usuario.<\/em><\/h3>\n<p>4.1.- El Usuario debe realizar un uso l\u00edcito de los servicios de la Web de acuerdo con la legalidad vigente, respetando los derechos de propiedad intelectual de ALCAMPO, de sus sociedades interesadas o de terceros.<\/p>\n<p>En este sentido, el Usuario garantiza que las actividades que desarrolle a trav\u00e9s de la Web se adecuar\u00e1n a la ley, la moral, el orden p\u00fablico, las buenas costumbres y, en ning\u00fan caso, resultar\u00e1n ofensivas para el buen nombre e imagen comercial de ALCAMPO y de sus Sociedades Interesadas, o para otros Usuarios de las aplicaciones o para terceros.<\/p>\n<p>4.2.- El Usuario no realizar\u00e1 a trav\u00e9s de los servicios que pone a su disposici\u00f3n ALCAMPO ninguna acci\u00f3n que cause da\u00f1o o alteraciones de los contenidos u obstaculice el buen funcionamiento de la Web, comprometi\u00e9ndose expresamente por el solo uso de la misma a no causar problemas t\u00e9cnicos de cualquier \u00edndole, transferir elementos susceptibles de portar virus inform\u00e1ticos o da\u00f1ar, interferir o interceptar total o parcialmente la Web.<\/p>\n<ol start=\"5\">\n<li>\u2013 <em>Protecci\u00f3n de datos del usuario respecto de la utilizaci\u00f3n del Sitio Web.<\/em><\/li>\n<\/ol>\n<p>5.1.- La visita a la Web no supone que el usuario est\u00e9 obligado a facilitar ninguna informaci\u00f3n sobre s\u00ed mismo.\u00a0No obstante, el usuario podr\u00e1 facilitar datos de manera voluntaria a trav\u00e9s de los canales facilitados en la Web.<\/p>\n<p>5.2.- Igualmente, le informamos que determinadas funcionalidades de la Web dependen del uso de COOKIES, por lo que, en el caso de que no haya denegado la posibilidad de su uso, se proceder\u00e1 al tratamiento de determinada informaci\u00f3n relacionada con su uso de la Web. Puede ver las condiciones para su uso en la <a href=\"https:\/\/www.comunidadalcampo.es\/stikeez\/politica-de-cookies\/\">Pol\u00edtica de Cookies<\/a>.<\/p>\n<p>5.3.- Los datos del Usuario ser\u00e1n conservados mientras sean necesarios para la prestaci\u00f3n de los servicios solicitados y, una vez finalizada dicha prestaci\u00f3n, sus datos ser\u00e1n conservados durante los plazos legalmente exigidos para las posibles responsabilidades derivadas del servicio prestado.<\/p>\n<p>5.4.- El usuario puede enviar un escrito a la direcci\u00f3n de ALCAMPO o a trav\u00e9s de correo electr\u00f3nico <a href=\"mailto:dpoare@alcampo.es\">dpoare@alcampo.es<\/a>, con la Referencia \u201cProtecci\u00f3n de Datos\u201d, acreditando debidamente su identidad, en cualquier momento y de manera gratuita, para:<\/p>\n<ul>\n<li>Revocar los consentimientos otorgados.<\/li>\n<li>Acceder a sus datos personales.<\/li>\n<li>Rectificar los datos inexactos o incompletos.<\/li>\n<li>Solicitar la supresi\u00f3n de sus datos cuando, entre otros motivos, los datos ya no sean necesarios para los fines que fueron recogidos.<\/li>\n<li>Obtener de ALCAMPO la limitaci\u00f3n del tratamiento de los datos cuando se cumpla alguna de las condiciones previstas en la normativa de protecci\u00f3n de datos.<\/li>\n<li>Solicitar la portabilidad de sus datos.<\/li>\n<li>Reclamar ante la Agencia Espa\u00f1ola de Protecci\u00f3n de Datos (<a href=\"http:\/\/www.agpd.es\">a<\/a><a href=\"http:\/\/www.agpd.es\">e<\/a><a href=\"http:\/\/www.agpd.es\">pd.es<\/a>) cuando el interesado considere que ALCAMPO ha vulnerado los derechos que le son reconocidos por la normativa aplicable en protecci\u00f3n de datos.<\/li>\n<\/ul>\n<p>&nbsp;<\/p>\n<p>5.5.- ALCAMPO tratar\u00e1 los datos del Usuario en todo momento de forma absolutamente confidencial y guardando el preceptivo deber de secreto respecto de los mismos, de conformidad con lo previsto en la normativa de aplicaci\u00f3n, adoptando al efecto las medidas de \u00edndole t\u00e9cnica y organizativas necesarias que garanticen la seguridad de sus datos y eviten su alteraci\u00f3n, p\u00e9rdida, tratamiento o acceso no autorizado, habida cuenta del estado de la tecnolog\u00eda, la naturaleza de los datos almacenados y los riesgos a que est\u00e1n expuestos.<\/p>\n<p>&nbsp;<\/p>\n<h3>6.- <em>Exclusi\u00f3n de garant\u00edas y de responsabilidad por el funcionamiento del sitio Web y\/o de sus servicios.<\/em><\/h3>\n<p>6.1.- ALCAMPO no garantiza la disponibilidad y continuidad del funcionamiento de la Web y de su contenido. De esta forma, se excluye cualquier responsabilidad por los da\u00f1os y perjuicios de cualquier naturaleza que puedan derivarse de la falta de disponibilidad o de continuidad del funcionamiento de la Web y la utilidad que los Usuarios hubieran podido atribuir a la Web. En cualquier caso, ALCAMPO realizar\u00e1 sus mejores esfuerzos de cara a mantener la disponibilidad continuada de la Web.<\/p>\n<p>6.2.- ALCAMPO pone a disposici\u00f3n de los Usuarios los sistemas de privacidad de datos personales que impidan el acceso a los mismos por parte de terceros. ALCAMPO ha implantado todas las medidas de seguridad t\u00e9cnicas y organizativas necesarias que garanticen la integridad, confidencialidad y disponibilidad de los datos personales del Usuario.<\/p>\n<p>6.3.- Pese a que ALCAMPO ha implantado todas aquellas medidas adecuadas para garantizar la seguridad en esta materia, no controla ni garantiza la ausencia de virus ni de otros elementos en los contenidos de la Web que puedan producir alteraciones en el sistema inform\u00e1tico (software y hardware) del Usuario o en los documentos electr\u00f3nicos y ficheros almacenados en su sistema inform\u00e1tico.<\/p>\n<p>6.4.- ALCAMPO se exime de cualquier responsabilidad por los da\u00f1os y perjuicios de toda naturaleza que puedan deberse a la presencia de virus en los contenidos que puedan producir alteraciones en el sistema inform\u00e1tico, documentos electr\u00f3nicos, ficheros, etc.<\/p>\n<p>6.5.- ALCAMPO no tiene obligaci\u00f3n y no controla la utilizaci\u00f3n que los Usuarios hacen de la Web, de los servicios y de sus contenidos. En particular, ALCAMPO no garantiza que los Usuarios utilicen la Web y sus contenidos de conformidad con estas CG y, en su caso, Avisos Legales y Condiciones Particulares, ni que lo hagan de forma diligente y prudente.<\/p>\n<p>ALCAMPO tampoco tiene la obligaci\u00f3n de verificar, y no verifica, la identidad de los Usuarios, ni la veracidad, vigencia, exhaustividad y\/o autenticidad de los datos que los mismos proporcionan sobre s\u00ed a otros Usuarios y\/o a terceros sitios Web no gestionados por ALCAMPO.<\/p>\n<p>6.6.- El Usuario acepta que la Web ha sido creada y desarrollada de buena fe por ALCAMPO con informaci\u00f3n procedente de fuentes internas y externas y se ofrece en su estado actual a los Usuarios, pudiendo contener imprecisiones o erratas por lo cual el Usuario exonera a ALCAMPO de cualquier responsabilidad en relaci\u00f3n con la fiabilidad, utilidad o falsas expectativas que la Web pudiera producirle durante su recorrido por el mismo.<\/p>\n<h3>7.- <em>Propiedad intelectual e industrial.<\/em><\/h3>\n<p>7.1.- Todos los derechos sobre el contenido de la Web (textos, im\u00e1genes, audio y\/o v\u00eddeo) pertenecen a ALCAMPO o a sus Sociedades Interesadas, salvo aqu\u00e9llos de empresas con las que haya firmado el correspondiente contrato para la provisi\u00f3n de contenidos y est\u00e9n protegidos por las normas nacionales e internacionales de propiedad intelectual e industrial.<\/p>\n<p>7.2.- ALCAMPO no transfiere al Usuario de la Web propiedad alguna sobre su propio software o de terceros; el Usuario es el responsable del soporte en el cual el software es descargado, reteniendo ALCAMPO todos los derechos de propiedad industrial e intelectual, incluyendo el software que le pudiera corresponder.<\/p>\n<p>7.3.- El dise\u00f1o, im\u00e1genes, mapas, gr\u00e1ficos, marcas, r\u00f3tulos, signos distintivos o logos, frames, banners, pops ups, el software y los distintos c\u00f3digos fuente y objeto, etc., de la Web son titularidad de ALCAMPO de sus sociedades interesadas, qui\u00e9n posee leg\u00edtimamente en exclusiva los derechos de explotaci\u00f3n sobre los mismos.<\/p>\n<p>Los derechos de propiedad intelectual sobre la Web en cuanto a los elementos visuales, los signos distintivos, los logos, las marcas, las im\u00e1genes, el contenido propio y cualquier elemento que conforme dicha Web son titularidad de ALCAMPO.\u00a0 El ejercicio exclusivo de los derechos de reproducci\u00f3n, distribuci\u00f3n, comunicaci\u00f3n p\u00fablica y transformaci\u00f3n pertenece a la citada compa\u00f1\u00eda.<\/p>\n<p>7.4.- Las marcas en su sentido gen\u00e9rico, contenidas en la Web est\u00e1n protegidas por la ley.<\/p>\n<p>7.5.- El Usuario que acceda a la Web no puede copiar, modificar, distribuir, transmitir, reproducir, publicar, ceder, vender los elementos anteriormente mencionados o crear nuevos productos o servicios derivados de la informaci\u00f3n obtenida.<\/p>\n<p>\u00danicamente queda autorizada la visualizaci\u00f3n y carga para el uso personal y no comercial del Usuario, sin que pueda hacerlo extensivo a terceras personas o entidades.<\/p>\n<p>En el caso de gr\u00e1ficos o dise\u00f1os que aparezcan en la Web cuya titularidad sean de empresas colaboradoras de ALCAMPO les ser\u00e1n de aplicaci\u00f3n, igualmente, las presentes condiciones, salvo pacto en contrario.<\/p>\n<p>7.6.- Queda terminantemente prohibida cualquier alteraci\u00f3n de las aplicaciones o de su contenido por parte del Usuario; as\u00ed como la instalaci\u00f3n de enlaces (hiperenlaces, v\u00ednculos o hiperv\u00ednculos), links o similares no autorizados previa y expresamente por ALCAMPO.<\/p>\n<p>7.7.- ALCAMPO velar\u00e1 para que los contenidos de su Web no sean pornogr\u00e1ficos, xen\u00f3fobos, discriminatorios, racistas, difamatorios o fomenten cualquier g\u00e9nero de violencia. Del mismo modo procurar\u00e1 evitar cualquier circunstancia que pueda ser perjudicial para los Usuarios, derechos de propiedad de terceros o inciten a conductas que puedan ser consideradas como ofensa penal.<\/p>\n<h3>8.- <em>V\u00ednculos o enlaces hipertextuales.<\/em><\/h3>\n<p>8.1.- No se podr\u00e1 establecer ning\u00fan v\u00ednculo a esta Web desde cualquier otra aplicaci\u00f3n o web sin el previo y expreso consentimiento de ALCAMPO.<\/p>\n<p>8.2.- En el supuesto de que la Web pudiera contener v\u00ednculos o enlaces con otras aplicaciones o sitios web no gestionados por ALCAMPO manifestando \u00e9sta que no ejerce control alguno sobre dichos aplicaciones o sitios Web, ni es responsable del contenido de los mismos. Los links que esta Web pudiera contener se ofrecer\u00e1n, \u00fanicamente, a modo de referencias informativas, sin ning\u00fan tipo de valoraci\u00f3n sobre los contenidos, propietarios, servicios o productos ofrecido desde los mismos.<\/p>\n<p>8.3.- En todo caso, ALCAMPO se exonera de toda responsabilidad en relaci\u00f3n con los contenidos y servicios prestados por dichos terceros frente a cualesquiera reclamaciones de cualquier naturaleza y demandas que pudieran interponerse en relaci\u00f3n con los mismos y cooperar\u00e1, si son requeridas por orden judicial o por las autoridades pertinentes, en la identificaci\u00f3n de las personas responsables de aquellos contenidos que violen la ley.<\/p>\n<h2>Nulidad e ineficacia de las clausulas<\/h2>\n<p>Si cualquier contenido de las presentes CG de, uso y acceso de la Web fuese declarado total o parcialmente nulo o ineficaz, dicha declaraci\u00f3n afectar\u00e1 tan solo al contenido o parte del mismo que resulte nulo o ineficaz subsistiendo en todo lo dem\u00e1s el resto de CG y teni\u00e9ndose tal contenido o la parte del mismo que resulte afectado por no puesto, salvo que por resultar esencial a las presentes CG, hubiese de afectarlas de forma integral.<\/p>\n<h2>Legislaci\u00f3n aplicable y jurisdicci\u00f3n<\/h2>\n<p>Estas CG aplicables al uso, descarga y\u00a0 registro en las aplicaciones as\u00ed como cualquier relaci\u00f3n entre el Usuario y ALCAMPO se regir\u00e1n por la legislaci\u00f3n espa\u00f1ola.<\/p>\n<p>Para cualquier litigio derivado de estas CG, su existencia o contenido, o de las relaciones entre el Usuario y ALCAMPO, se estar\u00e1 a lo dispuesto en la legislaci\u00f3n espa\u00f1ola vigente en la materia.<\/p>\n<p>Para cualquier controversia que pudiera surgir de la validez, interpretaci\u00f3n, aplicaci\u00f3n y\/o ejecuci\u00f3n de estas CG, ALCAMPO y el Usuario se someten al de los Juzgados y Tribunales de Madrid capital.<\/p>\n","protected":false},"excerpt":{"rendered":"<p>Identidad del titular de las aplicaciones. En cumplimiento de la obligaci\u00f3n de informaci\u00f3n general contenida en el art\u00edculo 10 de la Ley 34\/2002, de 11 de julio, de servicios de la sociedad de la informaci\u00f3n y de comercio electr\u00f3nico, se informa que los Datos identificativos del responsable titular de la P\u00e1gina \u00a0https:\/\/www.comunidadalcampo.es\/stikeez\/ (en lo sucesivo&hellip; <a class=\"more-link\" href=\"https:\/\/www.comunidadalcampo.es\/stikeez\/privacy-policy\/\">Seguir leyendo <span class=\"screen-reader-text\">Aviso Legal<\/span><\/a><\/p>\n","protected":false},"author":1,"featured_media":0,"parent":0,"menu_order":0,"comment_status":"closed","ping_status":"closed","template":"plantillas\/page.php","meta":{"footnotes":""},"class_list":["post-3","page","type-page","status-publish","hentry","entry"],"_links":{"self":[{"href":"https:\/\/www.comunidadalcampo.es\/stikeez\/wp-json\/wp\/v2\/pages\/3","targetHints":{"allow":["GET"]}}],"collection":[{"href":"https:\/\/www.comunidadalcampo.es\/stikeez\/wp-json\/wp\/v2\/pages"}],"about":[{"href":"https:\/\/www.comunidadalcampo.es\/stikeez\/wp-json\/wp\/v2\/types\/page"}],"author":[{"embeddable":true,"href":"https:\/\/www.comunidadalcampo.es\/stikeez\/wp-json\/wp\/v2\/users\/1"}],"replies":[{"embeddable":true,"href":"https:\/\/www.comunidadalcampo.es\/stikeez\/wp-json\/wp\/v2\/comments?post=3"}],"version-history":[{"count":4,"href":"https:\/\/www.comunidadalcampo.es\/stikeez\/wp-json\/wp\/v2\/pages\/3\/revisions"}],"predecessor-version":[{"id":33,"href":"https:\/\/www.comunidadalcampo.es\/stikeez\/wp-json\/wp\/v2\/pages\/3\/revisions\/33"}],"wp:attachment":[{"href":"https:\/\/www.comunidadalcampo.es\/stikeez\/wp-json\/wp\/v2\/media?parent=3"}],"curies":[{"name":"wp","href":"https:\/\/api.w.org\/{rel}","templated":true}]}}