{"id":39,"date":"2022-09-06T14:01:27","date_gmt":"2022-09-06T14:01:27","guid":{"rendered":"https:\/\/www.comunidadalcampo.es\/stikeez\/?page_id=39"},"modified":"2022-09-06T14:37:27","modified_gmt":"2022-09-06T14:37:27","slug":"politica-de-cookies-2","status":"publish","type":"page","link":"https:\/\/www.comunidadalcampo.es\/stikeez\/politica-de-cookies-2\/","title":{"rendered":"Pol\u00edtica de cookies"},"content":{"rendered":"<p><span style=\"font-weight: 400;\">En Alcampo utilizamos cookies propias y de terceros para fines anal\u00edticos y para garantizar el correcto funcionamiento de nuestra p\u00e1gina web\u00a0<\/span><a href=\"https:\/\/www.comunidadalcampo.es\/stikeez\/\"><span style=\"font-weight: 400;\">https:\/\/www.comunidadalcampo.es\/stikeez\/<\/span><span style=\"font-weight: 400;\">.<\/span><\/a><\/p>\n<p><span style=\"font-weight: 400;\">Puedes aceptar todas las cookies pulsando el bot\u00f3n \u201cAceptar\u201d, configurarlas o denegar su uso. <\/span><\/p>\n<p><span style=\"font-weight: 400;\">Ten en cuenta que dependiendo de la configuraci\u00f3n que elijas, es posible que dejen de funcionar aspectos que pueden ser de tu inter\u00e9s.<\/span><\/p>\n<p><span style=\"font-weight: 400;\">Puedes consultar m\u00e1s informaci\u00f3n en nuestra Pol\u00edtica de privacidad,\u00a0<\/span><span style=\"font-weight: 400;\">Pol\u00edtica de cookies <\/span><span style=\"font-weight: 400;\">\u00a0o poni\u00e9ndote en contacto con el Delegado de Protecci\u00f3n de Datos a trav\u00e9s de:\u00a0<\/span><a href=\"mailto:dpoare@alcampo.es\"><span style=\"font-weight: 400;\">dpoare@alcampo.es<\/span><\/a><span style=\"font-weight: 400;\">.<\/span><\/p>\n<h3><b>1. QU\u00c9 SON LAS COOKIES<\/b><\/h3>\n<p><span style=\"font-weight: 400;\">Actualmente, todas las p\u00e1ginas web, independientemente del servicio que presten, utilizan cookies, es decir, guardan una informaci\u00f3n m\u00ednima sobre la navegaci\u00f3n realizada por el usuario en la p\u00e1gina web. Una cookie puede definirse como un peque\u00f1o archivo de texto que se descarga en el equipo o terminal del usuario cuando navega por las p\u00e1ginas web, con la finalidad de almacenar datos que podr\u00e1n ser actualizados y recuperados por la entidad responsable de su instalaci\u00f3n.<\/span><\/p>\n<h3><b>2. TIPOS DE COOKIES EMPLEADAS POR ALCAMPO<\/b><\/h3>\n<p><b>B\u00e1sicas:<\/b><\/p>\n<p><span style=\"font-weight: 400;\">Estas cookies son esenciales para las funciones principales de la p\u00e1gina web, como por ejemplo las relacionadas con la seguridad. Con este tipo de cookies podemos garantizar la seguridad del sitio, guardar la configuraci\u00f3n de tu consentimiento de las cookies o mantener la sesi\u00f3n iniciada.<\/span><\/p>\n<p><span style=\"font-weight: 400;\">Este tipo de cookie es necesario para el funcionamiento de la web y por tanto, no puede desactivarse. <\/span><\/p>\n<table>\n<tbody>\n<tr>\n<td>NOMBRE<\/td>\n<td>PROCEDENCIA<\/td>\n<td>Categor\u00eda<\/td>\n<td>Duraci\u00f3n<\/td>\n<\/tr>\n<tr>\n<td>cmplz_banner-status<\/td>\n<td>Complianz<\/td>\n<td>B\u00e1sica\/Requerida<\/td>\n<td>1 a\u00f1o<\/td>\n<\/tr>\n<tr>\n<td>wp-settings-time-1<\/td>\n<td>WordPress<\/td>\n<td>B\u00e1sica\/Requerida<\/td>\n<td>1 a\u00f1o<\/td>\n<\/tr>\n<tr>\n<td>wordpress_logged_in_338f6b2fb0165af060b6817fa99fc6bb<\/td>\n<td>WordPress<\/td>\n<td>B\u00e1sica\/Requerida<\/td>\n<td>Sesi\u00f3n<\/td>\n<\/tr>\n<tr>\n<td>wordpress_test_cookie<\/td>\n<td>WordPress<\/td>\n<td>B\u00e1sica\/Requerida<\/td>\n<td>Sesi\u00f3n<\/td>\n<\/tr>\n<tr>\n<td>wordpress_sec_338f6b2fb0165af060b6817fa99fc6bb<\/td>\n<td>WordPress<\/td>\n<td>B\u00e1sica\/Requerida<\/td>\n<td>Sesi\u00f3n<\/td>\n<\/tr>\n<\/tbody>\n<\/table>\n<p><b>Anal\u00edticas:<\/b><\/p>\n<p><span style=\"font-weight: 400;\">Estas cookies permiten realizar un seguimiento y an\u00e1lisis del comportamiento de los usuarios, incluida la cuantificaci\u00f3n de los impactos de los anuncios. La informaci\u00f3n recogida mediante este tipo de cookies se utiliza en la medici\u00f3n de la actividad de los sitios web, aplicaci\u00f3n o plataforma, con el fin de introducir mejoras en funci\u00f3n del an\u00e1lisis de los datos de uso que hacen los usuarios del servicio.<\/span><\/p>\n<p><span style=\"font-weight: 400;\">Puedes aceptar o rechazar la instalaci\u00f3n de estas cookies.\u00a0<\/span><\/p>\n<table>\n<tbody>\n<tr>\n<td>NOMBRE<\/td>\n<td>PROCEDENCIA<\/td>\n<td>Categor\u00eda<\/td>\n<td>Duraci\u00f3n<\/td>\n<\/tr>\n<tr>\n<td>_ga_Y1QH8Q87F1<\/td>\n<td>Analytics<\/td>\n<td>Anal\u00edtica<\/td>\n<td>1 a\u00f1o<\/td>\n<\/tr>\n<tr>\n<td>_ga<\/td>\n<td>Analytics<\/td>\n<td>Anal\u00edtica<\/td>\n<td>1 a\u00f1o<\/td>\n<\/tr>\n<\/tbody>\n<\/table>\n<h3><b>3. CONTROL Y BORRADO DE COOKIES:<\/h3>\n<p><\/b><br \/>\nCon la herramienta de configuraci\u00f3n de cookies, tienes la posibilidad de rechazar o aceptar cookies que requieran de tu consentimiento. Tambi\u00e9n puedes bloquear y eliminar cookies cambiando la configuraci\u00f3n de tu navegador. De igual manera, para administrar las cookies, la mayor\u00eda de los navegadores permiten rechazar o aceptar todas las cookies o solo aceptar ciertos tipos de cookies. El proceso para la gesti\u00f3n y eliminaci\u00f3n de cookies se puede encontrar en la funci\u00f3n de ayuda integrada en el navegador. Si deseas limitar el uso de cookies, puede que no puedas utilizar todas las funciones interactivas de nuestro sitio web.<br \/>\nDe igual manera, para administrar las cookies, la mayor\u00eda de los navegadores permiten rechazar o aceptar todas las cookies o solo aceptar ciertos tipos de cookies. El proceso para la gesti\u00f3n y eliminaci\u00f3n de cookies se puede encontrar en la funci\u00f3n de ayuda integrada en el navegador. Si deseas limitar el uso de cookies, puede que no puedas utilizar todas las funciones interactivas de nuestro sitio web.<br \/>\nPuedes permitir, bloquear o eliminar las cookies instaladas en tu equipo mediante la configuraci\u00f3n de las opciones del navegador instalado en tu ordenador:<br \/>\nFirefox: <a target=\"_blank\" href=\"https:\/\/support.mozilla.org\/es\/kb\/Borrar%20cookie\" rel=\"noopener\">https:\/\/support.mozilla.org\/es\/kb\/Borrar%20cookie<\/a><br \/>\nChrome: <a target=\"_blank\" href=\"https:\/\/support.google.com\/accounts\/answer\/61416?hl=es\" rel=\"noopener\">https:\/\/support.google.com\/accounts\/answer\/61416?hl=es<\/a><br \/>\nExplorer: <a href=\"https:\/\/support.microsoft.com\/es-es\/help\/17442\/windows-internet-explorer-dele\" rel=\"noopener\" target=\"_blank\">https:\/\/support.microsoft.com\/es-es\/help\/17442\/windows-internet-explorer-dele<\/a><br \/>\nSafari: <a href=\"https:\/\/support.apple.com\/es-es\/guide\/safari\/sfri11471\/mac\" rel=\"noopener\" target=\"_blank\">https:\/\/support.apple.com\/es-es\/guide\/safari\/sfri11471\/mac<\/a><br \/>\nOpera: <a href=\"https:\/\/help.opera.com\/Windows\/11.50\/es-ES\/cookies.html\" rel=\"noopener\" target=\"_blank\">https:\/\/help.opera.com\/Windows\/11.50\/es-ES\/cookies.html<\/a><\/p>\n","protected":false},"excerpt":{"rendered":"<p>En Alcampo utilizamos cookies propias y de terceros para fines anal\u00edticos y para garantizar el correcto funcionamiento de nuestra p\u00e1gina web\u00a0https:\/\/www.comunidadalcampo.es\/stikeez\/. Puedes aceptar todas las cookies pulsando el bot\u00f3n \u201cAceptar\u201d, configurarlas o denegar su uso. Ten en cuenta que dependiendo de la configuraci\u00f3n que elijas, es posible que dejen de funcionar aspectos que pueden ser&hellip; <a class=\"more-link\" href=\"https:\/\/www.comunidadalcampo.es\/stikeez\/politica-de-cookies-2\/\">Seguir leyendo <span class=\"screen-reader-text\">Pol\u00edtica de cookies<\/span><\/a><\/p>\n","protected":false},"author":1,"featured_media":0,"parent":0,"menu_order":0,"comment_status":"closed","ping_status":"closed","template":"plantillas\/politica-cookies.php","meta":{"footnotes":""},"class_list":["post-39","page","type-page","status-publish","hentry","entry"],"_links":{"self":[{"href":"https:\/\/www.comunidadalcampo.es\/stikeez\/wp-json\/wp\/v2\/pages\/39","targetHints":{"allow":["GET"]}}],"collection":[{"href":"https:\/\/www.comunidadalcampo.es\/stikeez\/wp-json\/wp\/v2\/pages"}],"about":[{"href":"https:\/\/www.comunidadalcampo.es\/stikeez\/wp-json\/wp\/v2\/types\/page"}],"author":[{"embeddable":true,"href":"https:\/\/www.comunidadalcampo.es\/stikeez\/wp-json\/wp\/v2\/users\/1"}],"replies":[{"embeddable":true,"href":"https:\/\/www.comunidadalcampo.es\/stikeez\/wp-json\/wp\/v2\/comments?post=39"}],"version-history":[{"count":11,"href":"https:\/\/www.comunidadalcampo.es\/stikeez\/wp-json\/wp\/v2\/pages\/39\/revisions"}],"predecessor-version":[{"id":50,"href":"https:\/\/www.comunidadalcampo.es\/stikeez\/wp-json\/wp\/v2\/pages\/39\/revisions\/50"}],"wp:attachment":[{"href":"https:\/\/www.comunidadalcampo.es\/stikeez\/wp-json\/wp\/v2\/media?parent=39"}],"curies":[{"name":"wp","href":"https:\/\/api.w.org\/{rel}","templated":true}]}}