{"id":52,"date":"2022-09-06T14:42:24","date_gmt":"2022-09-06T14:42:24","guid":{"rendered":"https:\/\/www.comunidadalcampo.es\/stikeez\/?page_id=52"},"modified":"2022-09-06T14:51:36","modified_gmt":"2022-09-06T14:51:36","slug":"politica-de-privacidad","status":"publish","type":"page","link":"https:\/\/www.comunidadalcampo.es\/stikeez\/politica-de-privacidad\/","title":{"rendered":"Pol\u00edtica de privacidad"},"content":{"rendered":"<p><strong>1.- IDENTIFICACI\u00d3N DEL RESPONSABLE DEL TRATAMIENTO<\/strong><\/p>\n<p>De acuerdo a lo establecido en la normativa vigente, le informamos que los datos personales que pueda facilitar durante el uso de la web https:\/\/www.comunidadalcampo.es\/stikeez\/ (en adelante, la \u201cWeb\u201d) ser\u00e1n tratados en calidad de Responsable del tratamiento por:<\/p>\n<p>ALCAMPO, S.A.<br \/>\nCalle de Santiago de Compostela Sur s\/n.<br \/>\nEdificio Oficinas La Vaguada<br \/>\n28029 Madrid.<br \/>\nN.I.F. A-28581882<br \/>\nInscrita en el Registro Mercantil de Madrid, Tomo 3.988, Folio 106, Hoja n\u00famero M-66724<br \/>\nEmail:dpoare@alcampo.es<\/p>\n<p><strong>2.- INFORMACI\u00d3N Y CONSENTIMIENTO<\/strong><\/p>\n<p>De conformidad con lo dispuesto en el Reglamento (UE) 2016\/679 General de Protecci\u00f3n de Datos, por el que se deroga la Directiva 95\/46\/CE (en adelante, \u201cRGPD\u201d), y con la Ley Org\u00e1nica 3\/2018, de 5 de diciembre, de Protecci\u00f3n de Datos Personales y Garant\u00eda de los Derechos Digitales (en adelante, \u201cLOPDGDD\u201d), mediante la aceptaci\u00f3n de la presente Pol\u00edtica de Privacidad el usuario presta su consentimiento informado, expreso, libre e inequ\u00edvoco para que los datos personales que proporcione a trav\u00e9s de la navegaci\u00f3n en la p\u00e1gina web de ALCAMPO (https:\/\/www.comunidadalcampo.es\/stikeez\/) sean tratados por el Responsable de la misma de conformidad con las finalidades indicadas a continuaci\u00f3n en la presente pol\u00edtica de privacidad.<\/p>\n<p><strong>3.- OBLIGATORIEDAD DE FACILITAR LOS DATOS<\/strong><\/p>\n<p>La visita a la Web no supone que el usuario est\u00e9 obligado a facilitar ninguna informaci\u00f3n sobre s\u00ed mismo. No obstante, el uso de algunas de las funcionalidades de la Web y de los servicios disponibles a trav\u00e9s de la misma dependen de que usted facilite o permita el tratamiento de determinada informaci\u00f3n personal seg\u00fan se indica en el siguiente apartado.<\/p>\n<p>En caso de que el usuario facilite datos de terceros, manifiesta contar con el consentimiento de los mismos y se compromete a trasladar al interesado, titular de dichos datos, la informaci\u00f3n contenida en la Pol\u00edtica de Privacidad, eximiendo a ALCAMPO de cualquier responsabilidad en este sentido.<\/p>\n<p><strong>4.- \u00bfCON QU\u00c9 FINALIDAD TRATAMOS SUS DATOS?<\/strong><\/p>\n<p>Los datos personales que tratar\u00edamos a trav\u00e9s de la Web ser\u00edan utilizados con el fin de responder a las solicitudes de informaci\u00f3n del usuario y gestionar sus consultas en el caso de que escriba a alg\u00fan correo de contacto facilitado.<\/p>\n<p><span style=\"font-weight: 400;\">No obstante, le informamos que determinadas funcionalidades de la Web dependen del uso de COOKIES, por lo que, en el caso de que haya aceptado su utilizaci\u00f3n, se proceder\u00e1 al tratamiento de determinada informaci\u00f3n relacionada con su uso de la Web. Puede ver las condiciones para su uso en la \u201c<a href=\"https:\/\/www.comunidadalcampo.es\/stikeez\/politica-de-cookies-2\/\">Pol\u00edtica de cookies<\/a>\u201d<\/span><span style=\"font-weight: 400;\">.<\/span><\/p>\n<p><b>5.- LEGITIMACI\u00d3N DEL TRATAMIENTO Y PLAZO DE CONSERVACI\u00d3N DE SUS DATOS<\/b><\/p>\n<p><span style=\"font-weight: 400;\">El tratamiento de sus datos con la finalidad de dar respuesta a las consultas y sugerencias se basar\u00eda en el consentimiento del usuario, manifestado a trav\u00e9s de la remisi\u00f3n de la consulta o sugerencia correspondiente.<\/span><\/p>\n<p><span style=\"font-weight: 400;\">Los datos tratados ser\u00edan conservados durante el tiempo necesario para la realizaci\u00f3n de las finalidades para las que fueron recogidos y, con posterioridad, hasta la prescripci\u00f3n de las eventuales responsabilidades derivadas de aquellas. No obstante, el usuario podr\u00e1 revocar en cualquier momento su consentimiento, en los supuestos se\u00f1alados, si bien ello no afectar\u00e1 a la licitud de los tratamientos efectuados con anterioridad.<\/span><\/p>\n<p><b>6.- COMUNICACI\u00d3N DE LOS DATOS A TERCEROS<\/b><\/p>\n<p><span style=\"font-weight: 400;\">Le informamos de que, con car\u00e1cter general, ALCAMPO no comunicar\u00e1 datos a terceros, salvo que ello sea requerido por disposici\u00f3n legal.\u00a0<\/span><\/p>\n<p><b>7.- RESPONSABILIDAD DEL USUARIO.<\/b><\/p>\n<p><span style=\"font-weight: 400;\">El usuario ser\u00e1 responsable de que los datos que facilita a ALCAMPO sean verdaderos, exactos, completos y actualizados. A estos efectos, el Usuario responder\u00e1 de la veracidad de todos los datos que comunique y deber\u00e1 mantener debidamente actualizada la informaci\u00f3n facilitada, de tal forma que responda a su situaci\u00f3n real.<\/span><\/p>\n<p><span style=\"font-weight: 400;\">Igualmente, ser\u00e1 responsable de las informaciones falsas o inexactas que proporcione a trav\u00e9s de la Web y de los da\u00f1os y perjuicios, directos o indirectos, que ello cause a ALCAMPO o a terceros.<\/span><\/p>\n<p><b>8.- EJERCICIO DE DERECHOS<\/b><\/p>\n<p><span style=\"font-weight: 400;\">El usuario puede enviar un escrito a ALCAMPO a la direcci\u00f3n indicada en el encabezado de la presente Pol\u00edtica, o bien por medio de un correo electr\u00f3nico aldel DPO a la direcci\u00f3n descrita, acreditando debidamente su identidad, en cualquier momento y de manera gratuita, para:<\/span><\/p>\n<ul style=\"margin-left:140px;\">\n<li><span style=\"font-weight: 400;\">Revocar los consentimientos otorgados.<\/span><\/li>\n<li><span style=\"font-weight: 400;\">Obtener informaci\u00f3n acerca de si en ALCAMPO se est\u00e1n tratando datos personales que conciernen al usuario o no.<\/span><\/li>\n<li><span style=\"font-weight: 400;\">Acceder a sus datos personales.<\/span><\/li>\n<li><span style=\"font-weight: 400;\">Rectificar datos inexactos o incompletos.<\/span><\/li>\n<li><span style=\"font-weight: 400;\">Solicitar la supresi\u00f3n de sus datos cuando, entre otros motivos, los datos no sean necesarios para los fines que fueron recogidos.<\/span><\/li>\n<li><span style=\"font-weight: 400;\">Oponerse al tratamiento de sus datos por parte de ALCAMPO.<\/span><\/li>\n<li><span style=\"font-weight: 400;\">Obtener de ALCAMPO la limitaci\u00f3n del tratamiento de los datos cuando se cumpla alguna de las condiciones previstas en la normativa de protecci\u00f3n de datos.<\/span><\/li>\n<li>Solicitar la portabilidad de los datos facilitados por el usuario en aquellos casos previstos en la normativa.<\/li>\n<\/ul>\n<p><span style=\"font-weight: 400;\">Finalmente, el interesado podr\u00e1 interponer una reclamaci\u00f3n relativa a la protecci\u00f3n de sus datos personales ante la Agencia Espa\u00f1ola de Protecci\u00f3n de Datos (<\/span><a href=\"http:\/\/www.agpd.es\"><span style=\"font-weight: 400;\">www.aegpd.es<\/span><\/a><span style=\"font-weight: 400;\">) en la direcci\u00f3n Calle de Jorge Juan, 6, 28001 Madrid, cuando considere que el Responsable haya vulnerado los derechos que le son reconocidos por la normativa aplicable en protecci\u00f3n de datos.<\/span><\/p>\n<p><b>9.- MEDIDAS T\u00c9CNICAS<\/b><\/p>\n<p><span style=\"font-weight: 400;\">ALCAMPO tratar\u00e1 los datos del Usuario en todo momento de forma absolutamente confidencial y guardando el preceptivo deber de secreto respecto de los mismos, de conformidad con lo previsto en la normativa de aplicaci\u00f3n, adoptando al efecto las medidas de \u00edndole t\u00e9cnica y organizativas necesarias que garanticen la seguridad de sus datos y eviten su alteraci\u00f3n, p\u00e9rdida, tratamiento o acceso no autorizado, habida cuenta del estado de la tecnolog\u00eda, la naturaleza de los datos almacenados y los riesgos a que est\u00e1n expuestos.<\/span><\/p>\n<p><b>10.- CAMBIOS EN LA POL\u00cdTICA DE PRIVACIDAD<\/b><\/p>\n<p><span style=\"font-weight: 400;\">ALCAMPO se reserva el derecho a modificar la presente Pol\u00edtica de Privacidad a fin de adaptarla a las novedades legislativas que fueran procedentes. En dichos supuestos, anunciar\u00e1 en la Web los cambios introducidos con una antelaci\u00f3n razonable a la puesta en pr\u00e1ctica.<\/span><\/p>\n","protected":false},"excerpt":{"rendered":"<p>1.- IDENTIFICACI\u00d3N DEL RESPONSABLE DEL TRATAMIENTO De acuerdo a lo establecido en la normativa vigente, le informamos que los datos personales que pueda facilitar durante el uso de la web https:\/\/www.comunidadalcampo.es\/stikeez\/ (en adelante, la \u201cWeb\u201d) ser\u00e1n tratados en calidad de Responsable del tratamiento por: ALCAMPO, S.A. Calle de Santiago de Compostela Sur s\/n. Edificio Oficinas&hellip; <a class=\"more-link\" href=\"https:\/\/www.comunidadalcampo.es\/stikeez\/politica-de-privacidad\/\">Seguir leyendo <span class=\"screen-reader-text\">Pol\u00edtica de privacidad<\/span><\/a><\/p>\n","protected":false},"author":1,"featured_media":0,"parent":0,"menu_order":0,"comment_status":"closed","ping_status":"closed","template":"plantillas\/politica-privacidad.php","meta":{"footnotes":""},"class_list":["post-52","page","type-page","status-publish","hentry","entry"],"_links":{"self":[{"href":"https:\/\/www.comunidadalcampo.es\/stikeez\/wp-json\/wp\/v2\/pages\/52","targetHints":{"allow":["GET"]}}],"collection":[{"href":"https:\/\/www.comunidadalcampo.es\/stikeez\/wp-json\/wp\/v2\/pages"}],"about":[{"href":"https:\/\/www.comunidadalcampo.es\/stikeez\/wp-json\/wp\/v2\/types\/page"}],"author":[{"embeddable":true,"href":"https:\/\/www.comunidadalcampo.es\/stikeez\/wp-json\/wp\/v2\/users\/1"}],"replies":[{"embeddable":true,"href":"https:\/\/www.comunidadalcampo.es\/stikeez\/wp-json\/wp\/v2\/comments?post=52"}],"version-history":[{"count":12,"href":"https:\/\/www.comunidadalcampo.es\/stikeez\/wp-json\/wp\/v2\/pages\/52\/revisions"}],"predecessor-version":[{"id":64,"href":"https:\/\/www.comunidadalcampo.es\/stikeez\/wp-json\/wp\/v2\/pages\/52\/revisions\/64"}],"wp:attachment":[{"href":"https:\/\/www.comunidadalcampo.es\/stikeez\/wp-json\/wp\/v2\/media?parent=52"}],"curies":[{"name":"wp","href":"https:\/\/api.w.org\/{rel}","templated":true}]}}